{"id":166,"date":"2023-04-26T07:49:17","date_gmt":"2023-04-26T07:49:17","guid":{"rendered":"https:\/\/www.xmesesport.org\/?page_id=166"},"modified":"2024-01-15T12:01:55","modified_gmt":"2024-01-15T11:01:55","slug":"politica-de-privacidad-y-terminos-y-condiciones","status":"publish","type":"page","link":"https:\/\/www.xmesesport.org\/cat\/politica-de-privacidad-y-terminos-y-condiciones\/","title":{"rendered":"Pol\u00edtica de privacidad y t\u00e9rminos y condiciones"},"content":{"rendered":"<p>[et_pb_section fb_built=\u00bb1&#8243; _builder_version=\u00bb4.23.1&#8243; _module_preset=\u00bbdefault\u00bb da_disable_devices=\u00bboff|off|off\u00bb global_colors_info=\u00bb{}\u00bb da_is_popup=\u00bboff\u00bb da_exit_intent=\u00bboff\u00bb da_has_close=\u00bbon\u00bb da_alt_close=\u00bboff\u00bb da_dark_close=\u00bboff\u00bb da_not_modal=\u00bbon\u00bb da_is_singular=\u00bboff\u00bb da_with_loader=\u00bboff\u00bb da_has_shadow=\u00bbon\u00bb][et_pb_row _builder_version=\u00bb4.23.1&#8243; _module_preset=\u00bbdefault\u00bb global_colors_info=\u00bb{}\u00bb][et_pb_column type=\u00bb4_4&#8243; _builder_version=\u00bb4.20.4&#8243; _module_preset=\u00bbdefault\u00bb global_colors_info=\u00bb{}\u00bb][et_pb_text _builder_version=\u00bb4.23.1&#8243; _module_preset=\u00bbdefault\u00bb text_font=\u00bbRoboto||||||||\u00bb text_font_size=\u00bb16px\u00bb text_line_height=\u00bb1.8em\u00bb header_font=\u00bbAkceler A|700|||||||\u00bb header_text_align=\u00bbleft\u00bb header_text_color=\u00bb#3F474A\u00bb header_font_size=\u00bb80px\u00bb header_line_height=\u00bb1.2em\u00bb header_3_font=\u00bbRoboto|700||on|||||\u00bb header_3_text_align=\u00bbcenter\u00bb header_3_text_color=\u00bb#ffffff\u00bb header_3_font_size=\u00bb24px\u00bb header_3_letter_spacing=\u00bb10px\u00bb header_3_line_height=\u00bb2em\u00bb text_orientation=\u00bbcenter\u00bb background_layout=\u00bbdark\u00bb module_alignment=\u00bbcenter\u00bb header_font_size_tablet=\u00bb40px\u00bb header_font_size_phone=\u00bb32px\u00bb header_font_size_last_edited=\u00bbon|phone\u00bb header_3_font_size_tablet=\u00bb16px\u00bb header_3_font_size_phone=\u00bb14px\u00bb header_3_font_size_last_edited=\u00bbon|phone\u00bb header_3_letter_spacing_tablet=\u00bb5px\u00bb header_3_letter_spacing_phone=\u00bb5px\u00bb header_3_letter_spacing_last_edited=\u00bbon|tablet\u00bb global_colors_info=\u00bb{}\u00bb]<\/p>\n<h1>Pol\u00edtica de privacidad y t\u00e9rminos y condiciones<\/h1>\n<p>[\/et_pb_text][\/et_pb_column][\/et_pb_row][et_pb_row _builder_version=\u00bb4.20.4&#8243; _module_preset=\u00bbdefault\u00bb global_colors_info=\u00bb{}\u00bb][et_pb_column type=\u00bb4_4&#8243; _builder_version=\u00bb4.20.4&#8243; _module_preset=\u00bbdefault\u00bb global_colors_info=\u00bb{}\u00bb][et_pb_text _builder_version=\u00bb4.23.1&#8243; _module_preset=\u00bbdefault\u00bb text_font=\u00bbRoboto||||||||\u00bb hover_enabled=\u00bb0&#8243; global_colors_info=\u00bb{}\u00bb sticky_enabled=\u00bb0&#8243;]<\/p>\n<p>A trav\u00e9s de la p\u00e1gina web de www.xmesesport.org denominada en adelante X+Esport, no se recoge ning\u00fan dato personal sin el conocimiento de los usuarios, ni se ceden a terceros.<\/p>\n<h2><span style=\"color: #666666;\">1. Formulario de Suscripci\u00f3n y el buz\u00f3n contacto con nosotros<\/span><\/h2>\n<p>El formulario de suscripci\u00f3n y el buz\u00f3n de contacto son formularios de registro y est\u00e1n concebidos para, de conformidad con lo dispuesto en la ley org\u00e1nica 3\/2018, de Protecci\u00f3n de Datos de Car\u00e1cter Personal, gestionar contable, fiscal y administrativamente los clientes as\u00ed como para todas las acciones relacionadas con el comercio electr\u00f3nico.<\/p>\n<p>Los datos de car\u00e1cter personal que se facilitan por correo electr\u00f3nico mediante estos formularios quedan registrados en el fichero de usuarios de X+Esport.<\/p>\n<p>En X+Esport comunica a sus usuarios y clientes el car\u00e1cter no obligatorio de la recogida de tales datos. No obstante, la no cumplimentaci\u00f3n de dichos datos podr\u00e1 impedir a X+Esport prestar todos aquellos Servicios informativos adicionales vinculados a tales datos, liber\u00e1ndose de toda responsabilidad por la no prestaci\u00f3n o prestaci\u00f3n incompleta de estos Servicios.<\/p>\n<p>En cualquier caso, los usuarios se comprometen a proporcionar informaci\u00f3n cierta en relaci\u00f3n con sus datos personales, y mantener los datos facilitados a X+Esport. El cliente responder\u00e1, en cualquier caso, de la veracidad de los datos facilitados y de mantenerlos actualizados, reserv\u00e1ndose X+Esport el derecho de excluir de los Servicios registrados a todo cliente que haya facilitado datos falsos, sin perjuicio de las dem\u00e1s acciones que procedan en derecho. En el caso de usuarios que faciliten sus datos a X+Esport y que no sean clientes, los mismos aceptan expresamente que el hecho de facilitar sus datos a X+Esport propietaria de la web X+Esport, equivale a su autorizaci\u00f3n expresa para el env\u00edo de publicidad a trav\u00e9s de sus medios. De no ser as\u00ed, le rogamos que no facilite sus datos y\/o no remita a X+Esport comunicaci\u00f3n alguna.<br \/>X+Esport permite a sus clientes invitar a terceras personas (familiares, amigos, y a otros profesionales de las actividades econ\u00f3micas o acad\u00e9micas relacionadas con el deporte, y en otras profesiones transversales, etc.) a unirse, como usuari@, a X+Esport, mediante el env\u00edo de un correo electr\u00f3nico de invitaci\u00f3n o suscribi\u00e9ndose nuestros newsletter\u2019s.<\/p>\n<p>Al efecto de la suscripci\u00f3n a los newsleters, el cliente que ejecute la opci\u00f3n de Suscribirse a X+Esport manifiesta haber obtenido el consentimiento necesario para la cesi\u00f3n de los datos personales de la persona a la que X+Esport enviar\u00e1n peri\u00f3dicamente newsletters, habi\u00e9ndole informado de la misma en los t\u00e9rminos recogidos en el art\u00edculo 5.4. LOPD, as\u00ed como haber recabado su consentimiento expreso para el env\u00edo por parte de SPE3, s.l comunicaciones comerciales propias o de terceros relativas a productos y\/o servicios relacionados con la compraventa de bienes de consumo.<\/p>\n<p>Igualmente, el usuario o cliente que ejecute la mencionada opci\u00f3n de invitaci\u00f3n ser\u00e1 el \u00fanico y exclusivo responsable por cualquier circunstancia y\/o sanci\u00f3n que pudiera derivarse como consecuencia de la ausencia del consentimiento del destinatario del correo electr\u00f3nico para tratar sus datos de car\u00e1cter personal y\/o de las eventuales irregularidades en la obtenci\u00f3n de tal consentimiento.<\/p>\n<h2>2. Derecho de acceso, oposici\u00f3n, rectificaci\u00f3n y cancelaci\u00f3n<\/h2>\n<p>Se informa que se pueden ejercitar los derechos de acceso, oposici\u00f3n, rectificaci\u00f3n y cancelaci\u00f3n ante X+Esport, por correo ordinario o electr\u00f3nico a:<br \/>&#8211; Carrer Sant Vicen\u00e7 , 24 REUS 43201 ESPA\u00d1A<br \/>&#8211; Direcci\u00f3n de correo electr\u00f3nico: hola@xmesesport.org<br \/>&#8211; N\u00famero de tel\u00e9fono: +34 632 60 34 98<\/p>\n<h2>3. Recogida de datos estad\u00edsticos<\/h2>\n<h3>3.1 Datos personales<\/h3>\n<p>Esta p\u00e1gina web no recoge ni almacena datos personales de sus visitantes. \u00danicamente, con la finalidad de ofrecerle el mejor servicio a trav\u00e9s de esta p\u00e1gina, y con el objeto de facilitar su uso, se analizan el n\u00famero de p\u00e1ginas visitadas, el n\u00famero de visitas, as\u00ed como la actividad de los visitantes de la web, y su frecuencia de utilizaci\u00f3n.<br \/>Con esta informaci\u00f3n de la experiencia de visita de los usuarios a X+Esport analiza la frecuencia de uso de la web a partir de los datos de conexi\u00f3n, y las secciones mas visitadas. X+Esport, no registra para recoger informaci\u00f3n de los usuarios desde su p\u00e1gina, sus direcciones IP.<\/p>\n<h4>3.2 Las cookies<\/h4>\n<p>Utilizamos cookies propias y de terceros para mejorar nuestro sitio web y su experiencia al usario. Si contin\u00faa navegando, y utiliza los servicios de las webs de X+Esport; consideramos que acepta su uso.<\/p>\n<p>En las web X+Esport, utilizamos cookies con el objetivo de prestar un mejor servicio y proporcionarte una mejor experiencia en tu navegaci\u00f3n. Queremos informarte de manera clara y precisa sobre las cookies, detallando a continuaci\u00f3n, que es una cookie, para que sirve, y cual es su finalidad.<\/p>\n<h2>4. Enlaces externos a X+Esport<\/h2>\n<p>Esta pol\u00edtica de privacidad s\u00f3lo es de aplicaci\u00f3n a la p\u00e1gina web de X+Esport, no se garantiza en los accesos a trav\u00e9s de enlaces con este sitio, ni a los enlaces desde este sitio con otras webs.<\/p>\n<h2>5. Derechos reservados<\/h2>\n<p>Para el caso de los enlaces con la X+Esport queda prohibida la reproducci\u00f3n total o parcial, incluso el volcado del contenido de las publicaciones o documentos adquiridos on line, a cualquier soporte, sin expresa autorizaci\u00f3n de los autores o de los servicios de este weblog<\/p>\n<p>S\u00cd pueden utilizarse las informaciones y adjuntos inclu\u00eddos en las informaciones de X+Esport, y de \u201cfichas de cada publicaci\u00f3n\u201d con la expresa cita al origen, tal como se indica en nuestra reserva de derechos en Creative Commons, la organizaci\u00f3n para reducir las barreras legales para compartir trabajos creativos.<\/p>\n<p>\u00bfQu\u00e9 es una cookie y para qu\u00e9 sirve?<br \/>Una \u201cCookie\u201d es un peque\u00f1o archivo que se almacena en el ordenador del usuario, tablet, smartphone o cualquier otro dispositivo con informaci\u00f3n sobre la navegaci\u00f3n.<br \/>El conjunto de \u201ccookies\u201d de todos nuestros usuarios nos ayuda a mejorar la calidad de nuestra web, permiti\u00e9ndonos controlar qu\u00e9 p\u00e1ginas son \u00fatiles, cu\u00e1les no y cu\u00e1les son susceptibles de mejora.<\/p>\n<p>Las cookies son esenciales para el funcionamiento de Internet, aportando innumerables ventajas en la prestaci\u00f3n de servicios interactivos, facilitando la navegaci\u00f3n y usabilidad de nuestra web.<\/p>\n<p>En ning\u00fan caso las cookies podr\u00edan da\u00f1ar tu equipo. Por contra, el que est\u00e9n activas nos ayuda a identificar y resolver los errores.<\/p>\n<p>X+Esport es una ASOCIACI\u00d3N SIN ANIMO DE LUCRO<\/p>\n<p>Los contenidos informativos de www.xmesesport.org est\u00e1n protegidos mediante licencia Creative Commons de Reconocimiento (Attribution) y No comercial.<\/p>\n<p><img loading=\"lazy\" decoding=\"async\" class=\"wp-image-171 alignnone size-medium\" src=\"https:\/\/www.xmesesport.org\/wp-content\/uploads\/2023\/04\/by-nc.eu-300x105.png\" alt=\"\" width=\"300\" height=\"105\" srcset=\"https:\/\/www.xmesesport.org\/wp-content\/uploads\/2023\/04\/by-nc.eu-300x105.png 300w, https:\/\/www.xmesesport.org\/wp-content\/uploads\/2023\/04\/by-nc.eu-400x141.png 400w, https:\/\/www.xmesesport.org\/wp-content\/uploads\/2023\/04\/by-nc.eu.png 403w\" sizes=\"auto, (max-width: 300px) 100vw, 300px\" \/><\/p>\n<p>Reconocimiento \u2013 NoComercial (by-nc): Se permite la generaci\u00f3n de obras derivadas siempre que no se haga un uso comercial. Tampoco se puede utilizar la obra original con finalidades comerciales.<\/p>\n<p>[\/et_pb_text][\/et_pb_column][\/et_pb_row][\/et_pb_section]<\/p>","protected":false},"excerpt":{"rendered":"<p>Pol\u00edtica de privacidad y t\u00e9rminos y condicionesA trav\u00e9s de la p\u00e1gina web de www.xmesesport.org denominada en adelante X+Esport, no se recoge ning\u00fan dato personal sin el conocimiento de los usuarios, ni se ceden a terceros. 1. Formulario de Suscripci\u00f3n y el buz\u00f3n contacto con nosotros El formulario de suscripci\u00f3n y el buz\u00f3n de contacto son [&hellip;]<\/p>","protected":false},"author":4,"featured_media":0,"parent":0,"menu_order":0,"comment_status":"closed","ping_status":"closed","template":"page-template-blank.php","meta":{"_et_pb_use_builder":"on","_et_pb_old_content":"","_et_gb_content_width":"","footnotes":""},"class_list":["post-166","page","type-page","status-publish","hentry"],"yoast_head":"<!-- This site is optimized with the Yoast SEO plugin v26.6 - https:\/\/yoast.com\/wordpress\/plugins\/seo\/ -->\n<title>Pol\u00edtica de privacidad y t\u00e9rminos y condiciones - Por M&aacute;s Deporte - X+Esport<\/title>\n<meta name=\"robots\" content=\"index, follow, max-snippet:-1, max-image-preview:large, max-video-preview:-1\" \/>\n<link rel=\"canonical\" href=\"https:\/\/www.xmesesport.org\/cat\/politica-de-privacidad-y-terminos-y-condiciones\/\" \/>\n<meta property=\"og:locale\" content=\"ca_ES\" \/>\n<meta property=\"og:type\" content=\"article\" \/>\n<meta property=\"og:title\" content=\"Pol\u00edtica de privacidad y t\u00e9rminos y condiciones - Por M&aacute;s Deporte - X+Esport\" \/>\n<meta property=\"og:description\" content=\"Pol\u00edtica de privacidad y t\u00e9rminos y condicionesA trav\u00e9s de la p\u00e1gina web de www.xmesesport.org denominada en adelante X+Esport, no se recoge ning\u00fan dato personal sin el conocimiento de los usuarios, ni se ceden a terceros. 1. Formulario de Suscripci\u00f3n y el buz\u00f3n contacto con nosotros El formulario de suscripci\u00f3n y el buz\u00f3n de contacto son [&hellip;]\" \/>\n<meta property=\"og:url\" content=\"https:\/\/www.xmesesport.org\/cat\/politica-de-privacidad-y-terminos-y-condiciones\/\" \/>\n<meta property=\"og:site_name\" content=\"Por M&aacute;s Deporte - X+Esport\" \/>\n<meta property=\"article:publisher\" content=\"https:\/\/www.instagram.com\/permesesport\/\" \/>\n<meta property=\"article:modified_time\" content=\"2024-01-15T11:01:55+00:00\" \/>\n<meta property=\"og:image\" content=\"https:\/\/www.xmesesport.org\/wp-content\/uploads\/2023\/04\/by-nc.eu-300x105.png\" \/>\n<meta name=\"twitter:card\" content=\"summary_large_image\" \/>\n<meta name=\"twitter:label1\" content=\"Temps estimat de lectura\" \/>\n\t<meta name=\"twitter:data1\" content=\"6 minuts\" \/>\n<script type=\"application\/ld+json\" class=\"yoast-schema-graph\">{\"@context\":\"https:\/\/schema.org\",\"@graph\":[{\"@type\":\"WebPage\",\"@id\":\"https:\/\/www.xmesesport.org\/politica-de-privacidad-y-terminos-y-condiciones\/\",\"url\":\"https:\/\/www.xmesesport.org\/politica-de-privacidad-y-terminos-y-condiciones\/\",\"name\":\"Pol\u00edtica de privacidad y t\u00e9rminos y condiciones - Por M&aacute;s Deporte - X+Esport\",\"isPartOf\":{\"@id\":\"https:\/\/www.xmesesport.org\/#website\"},\"primaryImageOfPage\":{\"@id\":\"https:\/\/www.xmesesport.org\/politica-de-privacidad-y-terminos-y-condiciones\/#primaryimage\"},\"image\":{\"@id\":\"https:\/\/www.xmesesport.org\/politica-de-privacidad-y-terminos-y-condiciones\/#primaryimage\"},\"thumbnailUrl\":\"https:\/\/www.xmesesport.org\/wp-content\/uploads\/2023\/04\/by-nc.eu-300x105.png\",\"datePublished\":\"2023-04-26T07:49:17+00:00\",\"dateModified\":\"2024-01-15T11:01:55+00:00\",\"breadcrumb\":{\"@id\":\"https:\/\/www.xmesesport.org\/politica-de-privacidad-y-terminos-y-condiciones\/#breadcrumb\"},\"inLanguage\":\"ca\",\"potentialAction\":[{\"@type\":\"ReadAction\",\"target\":[\"https:\/\/www.xmesesport.org\/politica-de-privacidad-y-terminos-y-condiciones\/\"]}]},{\"@type\":\"ImageObject\",\"inLanguage\":\"ca\",\"@id\":\"https:\/\/www.xmesesport.org\/politica-de-privacidad-y-terminos-y-condiciones\/#primaryimage\",\"url\":\"https:\/\/www.xmesesport.org\/wp-content\/uploads\/2023\/04\/by-nc.eu-300x105.png\",\"contentUrl\":\"https:\/\/www.xmesesport.org\/wp-content\/uploads\/2023\/04\/by-nc.eu-300x105.png\"},{\"@type\":\"BreadcrumbList\",\"@id\":\"https:\/\/www.xmesesport.org\/politica-de-privacidad-y-terminos-y-condiciones\/#breadcrumb\",\"itemListElement\":[{\"@type\":\"ListItem\",\"position\":1,\"name\":\"Home\",\"item\":\"https:\/\/www.xmesesport.org\/\"},{\"@type\":\"ListItem\",\"position\":2,\"name\":\"Pol\u00edtica de privacidad y t\u00e9rminos y condiciones\"}]},{\"@type\":\"WebSite\",\"@id\":\"https:\/\/www.xmesesport.org\/#website\",\"url\":\"https:\/\/www.xmesesport.org\/\",\"name\":\"Por M&aacute;s Deporte - X+Esport\",\"description\":\"La Comunidad del deporte\",\"publisher\":{\"@id\":\"https:\/\/www.xmesesport.org\/#organization\"},\"alternateName\":\"Per M\u00e9s Esport\",\"potentialAction\":[{\"@type\":\"SearchAction\",\"target\":{\"@type\":\"EntryPoint\",\"urlTemplate\":\"https:\/\/www.xmesesport.org\/?s={search_term_string}\"},\"query-input\":{\"@type\":\"PropertyValueSpecification\",\"valueRequired\":true,\"valueName\":\"search_term_string\"}}],\"inLanguage\":\"ca\"},{\"@type\":\"Organization\",\"@id\":\"https:\/\/www.xmesesport.org\/#organization\",\"name\":\"Per M\u00e9s Esport\",\"alternateName\":\"Por M\u00e1s Deporte\",\"url\":\"https:\/\/www.xmesesport.org\/\",\"logo\":{\"@type\":\"ImageObject\",\"inLanguage\":\"ca\",\"@id\":\"https:\/\/www.xmesesport.org\/#\/schema\/logo\/image\/\",\"url\":\"https:\/\/www.xmesesport.org\/wp-content\/uploads\/2023\/07\/logo-oficial-scaled.jpg\",\"contentUrl\":\"https:\/\/www.xmesesport.org\/wp-content\/uploads\/2023\/07\/logo-oficial-scaled.jpg\",\"width\":2560,\"height\":2560,\"caption\":\"Per M\u00e9s Esport\"},\"image\":{\"@id\":\"https:\/\/www.xmesesport.org\/#\/schema\/logo\/image\/\"},\"sameAs\":[\"https:\/\/www.instagram.com\/permesesport\/\",\"https:\/\/www.linkedin.com\/company\/permesesport\"]}]}<\/script>\n<!-- \/ Yoast SEO plugin. -->","yoast_head_json":{"title":"Pol\u00edtica de privacidad y t\u00e9rminos y condiciones - Por M&aacute;s Deporte - X+Esport","robots":{"index":"index","follow":"follow","max-snippet":"max-snippet:-1","max-image-preview":"max-image-preview:large","max-video-preview":"max-video-preview:-1"},"canonical":"https:\/\/www.xmesesport.org\/cat\/politica-de-privacidad-y-terminos-y-condiciones\/","og_locale":"ca_ES","og_type":"article","og_title":"Pol\u00edtica de privacidad y t\u00e9rminos y condiciones - Por M&aacute;s Deporte - X+Esport","og_description":"Pol\u00edtica de privacidad y t\u00e9rminos y condicionesA trav\u00e9s de la p\u00e1gina web de www.xmesesport.org denominada en adelante X+Esport, no se recoge ning\u00fan dato personal sin el conocimiento de los usuarios, ni se ceden a terceros. 1. Formulario de Suscripci\u00f3n y el buz\u00f3n contacto con nosotros El formulario de suscripci\u00f3n y el buz\u00f3n de contacto son [&hellip;]","og_url":"https:\/\/www.xmesesport.org\/cat\/politica-de-privacidad-y-terminos-y-condiciones\/","og_site_name":"Por M&aacute;s Deporte - X+Esport","article_publisher":"https:\/\/www.instagram.com\/permesesport\/","article_modified_time":"2024-01-15T11:01:55+00:00","og_image":[{"url":"https:\/\/www.xmesesport.org\/wp-content\/uploads\/2023\/04\/by-nc.eu-300x105.png","type":"","width":"","height":""}],"twitter_card":"summary_large_image","twitter_misc":{"Temps estimat de lectura":"6 minuts"},"schema":{"@context":"https:\/\/schema.org","@graph":[{"@type":"WebPage","@id":"https:\/\/www.xmesesport.org\/politica-de-privacidad-y-terminos-y-condiciones\/","url":"https:\/\/www.xmesesport.org\/politica-de-privacidad-y-terminos-y-condiciones\/","name":"Pol\u00edtica de privacidad y t\u00e9rminos y condiciones - Por M&aacute;s Deporte - X+Esport","isPartOf":{"@id":"https:\/\/www.xmesesport.org\/#website"},"primaryImageOfPage":{"@id":"https:\/\/www.xmesesport.org\/politica-de-privacidad-y-terminos-y-condiciones\/#primaryimage"},"image":{"@id":"https:\/\/www.xmesesport.org\/politica-de-privacidad-y-terminos-y-condiciones\/#primaryimage"},"thumbnailUrl":"https:\/\/www.xmesesport.org\/wp-content\/uploads\/2023\/04\/by-nc.eu-300x105.png","datePublished":"2023-04-26T07:49:17+00:00","dateModified":"2024-01-15T11:01:55+00:00","breadcrumb":{"@id":"https:\/\/www.xmesesport.org\/politica-de-privacidad-y-terminos-y-condiciones\/#breadcrumb"},"inLanguage":"ca","potentialAction":[{"@type":"ReadAction","target":["https:\/\/www.xmesesport.org\/politica-de-privacidad-y-terminos-y-condiciones\/"]}]},{"@type":"ImageObject","inLanguage":"ca","@id":"https:\/\/www.xmesesport.org\/politica-de-privacidad-y-terminos-y-condiciones\/#primaryimage","url":"https:\/\/www.xmesesport.org\/wp-content\/uploads\/2023\/04\/by-nc.eu-300x105.png","contentUrl":"https:\/\/www.xmesesport.org\/wp-content\/uploads\/2023\/04\/by-nc.eu-300x105.png"},{"@type":"BreadcrumbList","@id":"https:\/\/www.xmesesport.org\/politica-de-privacidad-y-terminos-y-condiciones\/#breadcrumb","itemListElement":[{"@type":"ListItem","position":1,"name":"Home","item":"https:\/\/www.xmesesport.org\/"},{"@type":"ListItem","position":2,"name":"Pol\u00edtica de privacidad y t\u00e9rminos y condiciones"}]},{"@type":"WebSite","@id":"https:\/\/www.xmesesport.org\/#website","url":"https:\/\/www.xmesesport.org\/","name":"Por M&aacute;s Deporte - X+Esport","description":"La Comunitat de l'Esport","publisher":{"@id":"https:\/\/www.xmesesport.org\/#organization"},"alternateName":"Per M\u00e9s Esport","potentialAction":[{"@type":"SearchAction","target":{"@type":"EntryPoint","urlTemplate":"https:\/\/www.xmesesport.org\/?s={search_term_string}"},"query-input":{"@type":"PropertyValueSpecification","valueRequired":true,"valueName":"search_term_string"}}],"inLanguage":"ca"},{"@type":"Organization","@id":"https:\/\/www.xmesesport.org\/#organization","name":"Per M\u00e9s Esport","alternateName":"Por M\u00e1s Deporte","url":"https:\/\/www.xmesesport.org\/","logo":{"@type":"ImageObject","inLanguage":"ca","@id":"https:\/\/www.xmesesport.org\/#\/schema\/logo\/image\/","url":"https:\/\/www.xmesesport.org\/wp-content\/uploads\/2023\/07\/logo-oficial-scaled.jpg","contentUrl":"https:\/\/www.xmesesport.org\/wp-content\/uploads\/2023\/07\/logo-oficial-scaled.jpg","width":2560,"height":2560,"caption":"Per M\u00e9s Esport"},"image":{"@id":"https:\/\/www.xmesesport.org\/#\/schema\/logo\/image\/"},"sameAs":["https:\/\/www.instagram.com\/permesesport\/","https:\/\/www.linkedin.com\/company\/permesesport"]}]}},"_links":{"self":[{"href":"https:\/\/www.xmesesport.org\/cat\/wp-json\/wp\/v2\/pages\/166","targetHints":{"allow":["GET"]}}],"collection":[{"href":"https:\/\/www.xmesesport.org\/cat\/wp-json\/wp\/v2\/pages"}],"about":[{"href":"https:\/\/www.xmesesport.org\/cat\/wp-json\/wp\/v2\/types\/page"}],"author":[{"embeddable":true,"href":"https:\/\/www.xmesesport.org\/cat\/wp-json\/wp\/v2\/users\/4"}],"replies":[{"embeddable":true,"href":"https:\/\/www.xmesesport.org\/cat\/wp-json\/wp\/v2\/comments?post=166"}],"version-history":[{"count":3,"href":"https:\/\/www.xmesesport.org\/cat\/wp-json\/wp\/v2\/pages\/166\/revisions"}],"predecessor-version":[{"id":2508,"href":"https:\/\/www.xmesesport.org\/cat\/wp-json\/wp\/v2\/pages\/166\/revisions\/2508"}],"wp:attachment":[{"href":"https:\/\/www.xmesesport.org\/cat\/wp-json\/wp\/v2\/media?parent=166"}],"curies":[{"name":"wp","href":"https:\/\/api.w.org\/{rel}","templated":true}]}}